{"id":257,"date":"2022-05-16T10:45:01","date_gmt":"2022-05-16T10:45:01","guid":{"rendered":"https:\/\/preview.treethemes.com\/hazel\/demo15\/?page_id=257"},"modified":"2024-10-27T11:58:00","modified_gmt":"2024-10-27T11:58:00","slug":"o-nas","status":"publish","type":"page","link":"https:\/\/wakacyjneprzygody.pl\/hiszpania\/o-nas","title":{"rendered":"O nas"},"content":{"rendered":"<section class=\"wpb-content-wrapper\"><p>[vc_row full_width=&#8221;stretch_row_content_no_spaces&#8221; full_height=&#8221;yes&#8221; columns_placement=&#8221;stretch&#8221; equal_height=&#8221;yes&#8221; bg_type=&#8221;bg_color&#8221; bg_override=&#8221;ex-full&#8221; bg_color_value=&#8221;#ffffff&#8221;][vc_column css_animation=&#8221;fadeInLeft&#8221; width=&#8221;1\/2&#8243; css=&#8221;.vc_custom_1722618301538{background-image: url(\/hiszpania\/wp-content\/uploads\/2023\/04\/wakacje-phone-e1687951380577.png?id=706) !important;background-position: center !important;background-repeat: no-repeat !important;background-size: cover !important;}&#8221;][vc_empty_space height=&#8221;600px&#8221;][\/vc_column][vc_column css_animation=&#8221;fadeInRight&#8221; width=&#8221;1\/2&#8243;]<div class=\"ult-content-box-container \" >\t\t<div class=\"ult-content-box\" style=\"box-shadow: px px px px none;padding:50px;-webkit-transition: all 700ms ease;-moz-transition: all 700ms ease;-ms-transition: all 700ms ease;-o-transition: all 700ms ease;transition: all 700ms ease;\"  data-hover_box_shadow=\"none\"    ><div class=\"ult-spacer spacer-6a0900d31b704\" data-id=\"6a0900d31b704\" data-height=\"140\" data-height-mobile=\"50\" data-height-tab=\"\" data-height-tab-portrait=\"50\" data-height-mobile-landscape=\"50\" style=\"clear:both;display:block;\"><\/div>[vc_custom_heading text=&#8221;O nas&#8221; use_theme_fonts=&#8221;yes&#8221; el_class=&#8221;no-letter-spacing&#8221;][vc_empty_space height=&#8221;10px&#8221;][vc_custom_heading text=&#8221;Pobierz aplikacj\u0119 na telefon Wakacje Wczasy Last Minute<br \/>\ni nie przegap najlepszych okazji wycieczek w s\u0142onecznych kurortach!&#8221; font_container=&#8221;tag:p|font_size:22px|text_align:left&#8221; use_theme_fonts=&#8221;yes&#8221; el_class=&#8221;no-letter-spacing&#8221;][vc_empty_space height=&#8221;15px&#8221;][vc_column_text]Nasze biuro podr\u00f3\u017cy oferuje szeroki wyb\u00f3r atrakcyjnych wakacyjnych destynacji oraz pakiet\u00f3w turystycznych na ca\u0142ym \u015bwiecie, zapewniaj\u0105c klientom profesjonaln\u0105 obs\u0142ug\u0119 oraz pe\u0142ne bezpiecze\u0144stwo i zadowolenie z podr\u00f3\u017cy.<\/p>\n<p>Dzi\u0119ki indywidualnemu podej\u015bciu do ka\u017cdego klienta, staramy si\u0119 zapewni\u0107 wyjazd dopasowany do jego potrzeb i preferencji, gwarantuj\u0105c niezapomniane wakacyjne prze\u017cycia.[\/vc_column_text][vc_empty_space height=&#8221;40px&#8221;][vc_custom_heading text=&#8221;Obserwuj nas&#8221; font_container=&#8221;tag:h5|text_align:left&#8221; use_theme_fonts=&#8221;yes&#8221; el_class=&#8221;no-letter-spacing&#8221;]<div id=\"treethemes-social-networks-shortcode-1\" class=\"widget hazel_socials_widget\"><div class=\"social-icons-fa align-left\"><ul><li><a href=\"https:\/\/www.facebook.com\/wakacyjneprzygodypl\" target=\"_blank\" class=\"social-network facebook\" title=\"Facebook\"><i class=\"fab fa-facebook\"><\/i><\/a><\/li><li><a href=\"https:\/\/www.instagram.com\/wakacyjneprzygody.pl\" target=\"_blank\" class=\"social-network instagram\" title=\"Instagram\"><i class=\"fab fa-instagram\"><\/i><\/a><\/li><li><a href=\"https:\/\/www.tiktok.com\/@wakacyjneprzygody.pl\" target=\"_blank\" class=\"social-network tiktok\" title=\"tiktok\"><i class=\"fab fa-tiktok\"><\/i><\/a><\/li><\/ul><\/div><\/div><div class=\"ult-spacer spacer-6a0900d31b98c\" data-id=\"6a0900d31b98c\" data-height=\"\" data-height-mobile=\"50\" data-height-tab=\"\" data-height-tab-portrait=\"50\" data-height-mobile-landscape=\"50\" style=\"clear:both;display:block;\"><\/div>\t\t<\/div><\/div>[\/vc_column][\/vc_row][vc_row full_width=&#8221;stretch_row_content_no_spaces&#8221; equal_height=&#8221;yes&#8221; content_placement=&#8221;middle&#8221; bg_type=&#8221;bg_color&#8221; bg_override=&#8221;ex-full&#8221; bg_color_value=&#8221;#f2f2f2&#8243;][vc_column css_animation=&#8221;fadeInUp&#8221; width=&#8221;1\/2&#8243;][vc_row_inner el_class=&#8221;mobile-text-left&#8221;][vc_column_inner width=&#8221;1\/6&#8243;][\/vc_column_inner][vc_column_inner width=&#8221;2\/3&#8243;]<div class=\"ult-spacer spacer-6a0900d31b9b7\" data-id=\"6a0900d31b9b7\" data-height=\"\" data-height-mobile=\"40\" data-height-tab=\"\" data-height-tab-portrait=\"\" data-height-mobile-landscape=\"40\" style=\"clear:both;display:block;\"><\/div>[vc_custom_heading text=&#8221;NAJWI\u0118KSZE BIURA PODR\u00d3\u017bY W 1 APLIKACJI&#8221; font_container=&#8221;tag:h6|text_align:center&#8221; use_theme_fonts=&#8221;yes&#8221;][vc_custom_heading text=&#8221;BIURO PODR\u00d3\u017bY&#8221; font_container=&#8221;tag:h2|text_align:center&#8221; use_theme_fonts=&#8221;yes&#8221;][vc_empty_space height=&#8221;20px&#8221;][vc_column_text]<\/p>\n<p style=\"text-align: center;\">Wakacyjne Przygody to biuro podr\u00f3\u017cy.<\/p>\n<p style=\"text-align: center;\">Jako pierwsi opublikowali\u015bmy prost\u0105 i szybk\u0105 aplikacj\u0119 na telefon. Ju\u017c teraz mo\u017cesz por\u00f3wna\u0107 setki tysi\u0119cy ofert najwi\u0119kszych polskich i zagranicznych organizator\u00f3w w jednym miejscu.<\/p>\n<p>[\/vc_column_text][vc_empty_space height=&#8221;20px&#8221;]<span id=\"creative-link-wrap-1038\" class=\"ult_main_cl ult-adjust-bottom-margin style-ten  vc_custom_1730030063389\" >\r\n\t \t\t\t<span class=\"ult_cl_link_11  ult_crlink\" >\r\n\t\t\t\t\t<a  data-ultimate-target='#creative-link-wrap-1038 .ult_colorlink'  data-responsive-json-new='{\"font-size\":\"desktop:12px;\",\"line-height\":\"desktop:16px;\"}'  href=\"https:\/\/wakacyjneprzygody.pl\/wakacje\" title=\"SPRAWD\u0179 OFERTY\"  class=\"ult_colorlink ult-responsive \" style=\"font-family:Open Sans;font-weight:600; \"  data-textcolor=\"#ffffff\" data-texthover=\"#000000\"data-style=\"Style_11\">\r\n\t\t\t\t\t\t<span class=\"ult_link_top ult_btn11_link_top \" style=\"background:#ffcc00;color:#000000;;padding-top: 10px !important;padding-right: 20px !important;padding-bottom: 10px !important;padding-left: 20px !important;\">SPRAWD\u0179 OFERTY<\/span>\r\n\t\t\t\t\t\t<span data-hover=\"SPRAWD\u0179 OFERTY\" style=\"color:#ffffff;;background:#000000;;padding-top: 10px !important;padding-right: 20px !important;padding-bottom: 10px !important;padding-left: 20px !important;\" class=\"ult_btn10_span   \">SPRAWD\u0179 OFERTY<\/span>\r\n\t\t\t\t\t\t\r\n\t\t\t\t\t<\/a>\r\n\t\t\t\t<\/span>\r\n\t\t\t<\/span><div class=\"ult-spacer spacer-6a0900d31ba92\" data-id=\"6a0900d31ba92\" data-height=\"\" data-height-mobile=\"40\" data-height-tab=\"\" data-height-tab-portrait=\"\" data-height-mobile-landscape=\"40\" style=\"clear:both;display:block;\"><\/div>[\/vc_column_inner][vc_column_inner width=&#8221;1\/6&#8243;][\/vc_column_inner][\/vc_row_inner][\/vc_column][vc_column width=&#8221;1\/2&#8243;][vc_single_image image=&#8221;1757&#8243; img_size=&#8221;full&#8221;][\/vc_column][\/vc_row]<\/p>\n<\/section>","protected":false},"excerpt":{"rendered":"<p>[vc_row full_width=&#8221;stretch_row_content_no_spaces&#8221; full_height=&#8221;yes&#8221; columns_placement=&#8221;stretch&#8221; equal_height=&#8221;yes&#8221; bg_type=&#8221;bg_color&#8221; bg_override=&#8221;ex-full&#8221; bg_color_value=&#8221;#ffffff&#8221;][vc_column css_animation=&#8221;fadeInLeft&#8221; width=&#8221;1\/2&#8243; css=&#8221;.vc_custom_1722618301538{background-image: url(\/hiszpania\/wp-content\/uploads\/2023\/04\/wakacje-phone-e1687951380577.png?id=706) !important;background-position: center !important;background-repeat: no-repeat !important;background-size: cover !important;}&#8221;][vc_empty_space height=&#8221;600px&#8221;][\/vc_column][vc_column css_animation=&#8221;fadeInRight&#8221; width=&#8221;1\/2&#8243;][\/vc_column][\/vc_row][vc_row full_width=&#8221;stretch_row_content_no_spaces&#8221; equal_height=&#8221;yes&#8221; content_placement=&#8221;middle&#8221; bg_type=&#8221;bg_color&#8221; bg_override=&#8221;ex-full&#8221; bg_color_value=&#8221;#f2f2f2&#8243;][vc_column css_animation=&#8221;fadeInUp&#8221; width=&#8221;1\/2&#8243;][vc_row_inner el_class=&#8221;mobile-text-left&#8221;][vc_column_inner width=&#8221;1\/6&#8243;][\/vc_column_inner][vc_column_inner width=&#8221;2\/3&#8243;][vc_custom_heading text=&#8221;NAJWI\u0118KSZE BIURA PODR\u00d3\u017bY W 1 APLIKACJI&#8221; font_container=&#8221;tag:h6|text_align:center&#8221; use_theme_fonts=&#8221;yes&#8221;][vc_custom_heading text=&#8221;BIURO PODR\u00d3\u017bY&#8221; font_container=&#8221;tag:h2|text_align:center&#8221; use_theme_fonts=&#8221;yes&#8221;][vc_empty_space height=&#8221;20px&#8221;][vc_column_text] Wakacyjne Przygody to biuro podr\u00f3\u017cy. Jako pierwsi opublikowali\u015bmy prost\u0105 [&hellip;]<\/p>\n","protected":false},"author":1,"featured_media":848,"parent":0,"menu_order":0,"comment_status":"closed","ping_status":"closed","template":"page.php","meta":{"footnotes":""},"class_list":["post-257","page","type-page","status-publish","has-post-thumbnail","hentry"],"aioseo_notices":[],"_links":{"self":[{"href":"https:\/\/wakacyjneprzygody.pl\/hiszpania\/wp-json\/wp\/v2\/pages\/257","targetHints":{"allow":["GET"]}}],"collection":[{"href":"https:\/\/wakacyjneprzygody.pl\/hiszpania\/wp-json\/wp\/v2\/pages"}],"about":[{"href":"https:\/\/wakacyjneprzygody.pl\/hiszpania\/wp-json\/wp\/v2\/types\/page"}],"author":[{"embeddable":true,"href":"https:\/\/wakacyjneprzygody.pl\/hiszpania\/wp-json\/wp\/v2\/users\/1"}],"replies":[{"embeddable":true,"href":"https:\/\/wakacyjneprzygody.pl\/hiszpania\/wp-json\/wp\/v2\/comments?post=257"}],"version-history":[{"count":7,"href":"https:\/\/wakacyjneprzygody.pl\/hiszpania\/wp-json\/wp\/v2\/pages\/257\/revisions"}],"predecessor-version":[{"id":2781,"href":"https:\/\/wakacyjneprzygody.pl\/hiszpania\/wp-json\/wp\/v2\/pages\/257\/revisions\/2781"}],"wp:featuredmedia":[{"embeddable":true,"href":"https:\/\/wakacyjneprzygody.pl\/hiszpania\/wp-json\/wp\/v2\/media\/848"}],"wp:attachment":[{"href":"https:\/\/wakacyjneprzygody.pl\/hiszpania\/wp-json\/wp\/v2\/media?parent=257"}],"curies":[{"name":"wp","href":"https:\/\/api.w.org\/{rel}","templated":true}]}}